{"id":965,"date":"2022-10-13T07:03:51","date_gmt":"2022-10-13T04:03:51","guid":{"rendered":"http:\/\/cidst.recherches.gov.mg\/v2\/?page_id=965"},"modified":"2022-10-13T07:03:51","modified_gmt":"2022-10-13T04:03:51","slug":"offre-demploi","status":"publish","type":"page","link":"http:\/\/cidst.recherches.gov.mg\/?page_id=965","title":{"rendered":"Offre d&#8217;emploi"},"content":{"rendered":"<p>Ci-dessous les offres d&#8217;emplois et appels d&rsquo;offres en cours :<\/p>\n<p>|Organisme|Intitul\u00e9|D\u00e9tails|<br \/>\n|Cimmune urbaine Antananarivo|\u00c9l\u00e8ves Sapeurs pompiers|D\u00e9tails 1-&gt;http:\/\/cidst.recherches.gov.mg\/IMG\/Offre\/4.jpg D\u00e9tails 2-&gt;http:\/\/cidst.recherches.gov.mg\/IMG\/Offre\/5.jpg ]|<br \/>\n|Nouvelle institution de MicroFinance|Chef d&rsquo;agences, Contr\u00f4leurs internes, Conseillers client\u00e8les, Agents Administratifs et Financiers, Agent Front Office, Guichetiers, Auditeurs|Le dossier de candidature comportant un CV et lettre de motivation \u00e0 envoyer au recrutement@nim.mg . Date limite : 26 Septembre 2022|<br \/>\n|European Commission (EC)|Grants to Support Structures for Young Companies in Madagascar|Deadline: Nov 04, 2022<br \/>\nDonor: European Commission (EC)<br \/>\nGrant Type: Grant<br \/>\nGrant Size: More than $1 million<br \/>\nCountries\/Regions: Madagascar<br \/>\nArea: Business &amp; Industry, Employment &amp; Labor, Youth &amp; Adolescents<br \/>\nThe European Commission (EC) is calling for proposals to Support capacity building mechanisms for support structures for young companies in Madagascar.<\/p>\n<p>For more information, visit https:\/\/bit.ly\/3Dh3UPm |<br \/>\n|United Global People|The 2023 UPG Sustainability Leadership Program|Deadline: Dec 31, 2022<br \/>\nDonor: United Global People<br \/>\nGrant Type: Events<br \/>\nGrant Size: Not Available<br \/>\nCountries\/Regions: All Countries<br \/>\nArea: Community Development, Leadership, Youth &amp; Adolescents<br \/>\nAre you a passionate citizen, aged 18 to 35, that believes your actions can support your local community and that every small positive action can make the world a better place? Then you are welcome to apply for United Global People (UPG) Sustainability Leadership Class 2023 Program.<\/p>\n<p>For more information, visit https:\/\/act.unitedpeople.global\/upg-sustainability-leadership\/ |<br \/>\n|Google.org|Call for Applications: AI for the Global Goals|Deadline: Nov 12, 2022<br \/>\nDonor: Google.org<br \/>\nGrant Type: Events<br \/>\nGrant Size: More than $1 million<\/p>\n<p>For more information, visit https:\/\/globalgoals.withgoogle.com\/globalgoals\/resources|<br \/>\n|International Olympic Committee|IOC Young Leaders Programme (CHF 10,000 in Seed Funding)|Deadline: Oct 20, 2022<br \/>\nDonor: International Olympic Committee<br \/>\nGrant Type: Grant<br \/>\nGrant Size: $10,000 to $100,000<br \/>\nCountries\/Regions: All Countries<br \/>\nArea: Community Development, Sports &amp; Recreation, Youth &amp; Adolescents<br \/>\nThe International Olympic Committee (IOC) has announced the sixth generation of the IOC Young Leaders programme, supported by Worldwide Olympic Partner Panasonic.<\/p>\n<p>For more information, visit https:\/\/olympics.com\/ioc\/news\/ioc-young-leaders-programme-applications-are-now-open |<br \/>\n|Global AI Summit|Global Program to Empower Women in AI|Deadline: Dec 31, 2022<br \/>\nDonor: Global AI Summit<br \/>\nGrant Type: Events<br \/>\nGrant Size: Not Available<br \/>\nArea: Employment &amp; Labor, Information Technology, Information Technology, Science, Science, Women &amp; Gender<br \/>\nGlobal AI Summit, SDAIA, in partnership with Google Cloud is launching a Joint Global Program that empowers women to occupy roles in AI and machine learning.<\/p>\n<p>For more information, visit https:\/\/globalaisummit.org\/elevate?lang=en# |<br \/>\n|SPIE|Startup Challenge on Healthcare and Deep Tech|Deadline: Oct 20, 2022<br \/>\nDonor: SPIE<br \/>\nGrant Type: Awards, Prizes and Challenges<br \/>\nGrant Size: Not Available<br \/>\nCountries\/Regions: All Countries<br \/>\nArea: Business &amp; Industry, Business &amp; Industry, Business &amp; Industry, Health, Health<br \/>\nThe Startup Challenge accepts applications from the worldwide community of entrepreneurs.<\/p>\n<p>For more information, visit https:\/\/spie.org\/conferences-and-exhibitions\/photonics-west\/program\/startup-challenge\/eligibility-application-disclosures |<br \/>\n|African Bird Club|Nominations for Conservation Award and Expedition Award|Deadline: Oct 31, 2022<br \/>\nDonor: African Bird Club<br \/>\nGrant Type: Awards, Prizes and Challenges<br \/>\nGrant Size: $1000 to $10,000<br \/>\nArea: Animals &amp; Wildlife, Animals &amp; Wildlife, Environment<br \/>\nThe African Bird Club (ABC) is inviting nominations for its Conservation Award and Expedition Award.<\/p>\n<p>For more information, visit https:\/\/www.africanbirdclub.org\/apply-for-an-award\/ |<br \/>\n|Agence Fran\u00e7aise de D\u00e9veloppement (AFD)|Systematic Review of the Effects of Education on Ecological Transitions|Deadline: Nov 15, 2022<br \/>\nDonor: Agence Fran\u00e7aise de D\u00e9veloppement (AFD)<br \/>\nGrant Type: Grant<br \/>\nGrant Size: $10,000 to $100,000<br \/>\nArea: Education, Environment, Environment, Environment<br \/>\nThe Agence Fran\u00e7aise de D\u00e9veloppement (AFD) is launching a call for research proposals for a systematic review of the intersection of thematic issues around the education sector and ecological transitions, with a particular focus on developing and emerging countries.<br \/>\nFor more information, visit https:\/\/www.afd.fr\/en\/call-expressions-interest-research-systematic-review-education-ecological-transitions |<br \/>\n|World Federation of Science Journalists|Open Call for Media Grants<br \/>\n|Deadline: Sep 30, 2022<br \/>\nDonor: World Federation of Science Journalists<br \/>\nGrant Type: Grant<br \/>\nGrant Size: Not Available<br \/>\nArea: Human Rights, Human Rights, Innovation, Media, Media, Research, Science, Science<br \/>\nTravel &amp; Accommodation Grant Scheme for Journalists to attend the World Science Forum &amp; Pre-Workshops in Cape Town, South Africa from Saturday 3rd to Saturday 10th December, 2022.<\/p>\n<p>For more information, visit https:\/\/wfsj.org\/news\/world-science-forum-wsf\/ |<br \/>\n|ONE Campaign|2022 One Africa Award|Deadline: Sep 30, 2022<br \/>\nDonor: ONE Campaign<br \/>\nGrant Type: Awards, Prizes and Challenges<br \/>\nGrant Size: $10,000 to $100,000<br \/>\n2022 ONE Africa Award is now open for nominations to celebrate African efforts aimed at achieving the Sustainable Development Goals (SDGs), the world\u2019s blueprint for a better future.<br \/>\nFor more information, visit https:\/\/www.one.org\/africa\/the-one-africa-award\/ |<br \/>\n|United States &#8211; Agency for International Development|Expanding Access to Low-Cost Eyeglasses and Assistive Technology<br \/>\n|Deadline: Oct 10, 2022<br \/>\nDonor: United States &#8211; Agency for International Development<br \/>\nGrant Type: Grant<br \/>\nGrant Size: More than $1 million<br \/>\nArea: Health, Information Technology<br \/>\nThe United States Agency for International Development (USAID) is seeking applications for the program entitled \u201cExpanding Access to Low-Cost Eyeglasses and Assistive Technology &raquo;.<\/p>\n<p>For more information, visit https:\/\/www.ungm.org\/Public\/Notice\/182497 |<br \/>\n|Dierenpark Amersfoort Wildlife Fund|Support Nature Conservation and Species Preservation Projects<br \/>\n|Deadline: Nov 01, 2022<br \/>\nDonor: Dierenpark Amersfoort Wildlife Fund<br \/>\nGrant Type: Grant<br \/>\nGrant Size: Not Available<br \/>\nCountries\/Regions: All Countries<br \/>\nArea: Animals &amp; Wildlife, Environment<br \/>\nThe Dierenpark Amersfoort Wildlife Fund is now open for applications to support projects around the world when it comes to nature conservation and species preservation.<\/p>\n<p>For more information, visit https:\/\/wildlifefund.nl\/en\/submit-project\/<br \/>\n|<br \/>\n|HawkWatch International|Global Raptor Research &amp; Conservation|Deadline: Dec 31, 2022<br \/>\nDonor: HawkWatch International<br \/>\nGrant Type: Grant<br \/>\nGrant Size: $1000 to $10,000<br \/>\nArea: Animals &amp; Wildlife, Research<br \/>\nHawkWatch International (HWI)\u2019s Global Raptor Research &amp; Conservation Grant is offering funds to support projects addressing global raptor priorities.<\/p>\n<p>For more information, visit https:\/\/hawkwatch.org\/grrcg |<br \/>\n|Harm Reduction International|Promoting Civil Society and Community Participation|Deadline: Sep 28, 2022<br \/>\nDonor: Harm Reduction International<br \/>\nGrant Type: Grant<br \/>\nGrant Size: $1000 to $10,000<br \/>\nArea: Civil Society Development, COVID-19, COVID-19, Human Rights, Humanitarian Relief, Humanitarian Relief, LGBTQ, Narcotics Drugs &amp; Crime<br \/>\nHarm Reduction International is launching a call for proposals to support advocacy and campaigning initiatives by community groups, NGOs, and civil society organisations aiming at promoting meaningful engagement in the \u2018Pandemic Treaty\u2019 process (at either the local, regional, or international level); as well as mainstreaming human rights considerations in the negotiation process.<\/p>\n<p>For more information, visit https:\/\/www.hri.global\/contents\/2225|<br \/>\n|Lenovo Foundation|Transformational Skilling for a Smarter Future<br \/>\n|Deadline: Oct 24, 2022<br \/>\nDonor: Lenovo Foundation<br \/>\nGrant Type: Grant<br \/>\nGrant Size: $100,000 to $500,000<br \/>\nArea: Information Technology<br \/>\nAre you a registered charity or NGO that trains, reskills, or upskills high potential adults to solve problems using innovative, emerging technology? The Lenovo Foundation is looking for organizations that are equipping today&rsquo;s workforce with the skills individuals need to transform their careers, lives, and communities.<\/p>\n<p>For more information, visit https:\/\/www.lenovo.com\/us\/en\/about\/foundation |<br \/>\n|The Gallery|Artists from Across the World|Deadline: Oct 16, 2022<br \/>\nDonor: The Gallery<br \/>\nGrant Type: Grant<br \/>\nGrant Size: $1000 to $10,000<br \/>\nCountries\/Regions: All Countries<br \/>\nArea: Arts &amp; Culture, Youth &amp; Adolescents<br \/>\nThe Gallery is inviting artists aged 18 and over to apply to present a high-impact artwork as part of Artichoke\u2019s ambitious public art initiative.<\/p>\n<p>For more information, visit https:\/\/thegallery.org.uk\/open-call-for-artists\/ |<br \/>\n|African Adaptation Acceleration Program|Youth Adaptation Solutions Challenge for Young Entrepreneurs and MSMEs in Africa|Deadline: Oct 04, 2022<br \/>\nDonor: African Adaptation Acceleration Program<br \/>\nGrant Type: Awards, Prizes and Challenges<br \/>\nGrant Size: $10,000 to $100,000<br \/>\nArea: Business &amp; Industry, Business &amp; Industry, Women &amp; Gender, Youth &amp; Adolescents<br \/>\nThe Youth Adaptation Solutions Challenge (YouthADAPT Challenge) invites young entrepreneurs and Micro, Small, and Medium-sized Enterprises (MSMEs) in Africa to submit innovative solutions and business ideas that can drive climate change adaptation and resilience across Africa.<\/p>\n<p>For more information, visit https:\/\/www.youthadapt.africa\/challenge\/apply |<br \/>\n|HITLAB|Breakthrough Alliance Innovators Challenge Fall 2022<br \/>\n|Deadline: Oct 14, 2022<br \/>\nDonor: HITLAB<br \/>\nGrant Type: Awards, Prizes and Challenges<br \/>\nGrant Size: Not Available<br \/>\nArea: Health, Information Technology<br \/>\nThe HITLAB has launched the applications for Breakthrough Alliance Innovators Challenge Fall.<\/p>\n<p>For more information, visit https:\/\/www.hitlab.org\/bta-challenge\/ |<br \/>\n|Universit\u00e9 de Toamasina|[Gestion portuaire et logistique-&gt;http:\/\/cidst.recherches.gov.mg\/IMG\/Offre\/1.jpg]||<br \/>\n|Computek Toamasina|[Un(e) comptable-&gt;http:\/\/cidst.recherches.gov.mg\/IMG\/Offre\/2.jpg]||<br \/>\n|Ambatovy|[Deux superviseurs s\u00e9curit\u00e9-&gt;http:\/\/cidst.recherches.gov.mg\/IMG\/Offre\/3.jpg]||<\/p>\n","protected":false},"excerpt":{"rendered":"<p>Ci-dessous les offres d&#8217;emplois et appels d&rsquo;offres en cours : |Organisme|Intitul\u00e9|D\u00e9tails| |Cimmune urbaine Antananarivo|\u00c9l\u00e8ves Sapeurs&#8230;<\/p>\n","protected":false},"author":1,"featured_media":917,"parent":0,"menu_order":0,"comment_status":"closed","ping_status":"closed","template":"","meta":[],"_links":{"self":[{"href":"http:\/\/cidst.recherches.gov.mg\/index.php?rest_route=\/wp\/v2\/pages\/965"}],"collection":[{"href":"http:\/\/cidst.recherches.gov.mg\/index.php?rest_route=\/wp\/v2\/pages"}],"about":[{"href":"http:\/\/cidst.recherches.gov.mg\/index.php?rest_route=\/wp\/v2\/types\/page"}],"author":[{"embeddable":true,"href":"http:\/\/cidst.recherches.gov.mg\/index.php?rest_route=\/wp\/v2\/users\/1"}],"replies":[{"embeddable":true,"href":"http:\/\/cidst.recherches.gov.mg\/index.php?rest_route=%2Fwp%2Fv2%2Fcomments&post=965"}],"version-history":[{"count":1,"href":"http:\/\/cidst.recherches.gov.mg\/index.php?rest_route=\/wp\/v2\/pages\/965\/revisions"}],"predecessor-version":[{"id":966,"href":"http:\/\/cidst.recherches.gov.mg\/index.php?rest_route=\/wp\/v2\/pages\/965\/revisions\/966"}],"wp:featuredmedia":[{"embeddable":true,"href":"http:\/\/cidst.recherches.gov.mg\/index.php?rest_route=\/wp\/v2\/media\/917"}],"wp:attachment":[{"href":"http:\/\/cidst.recherches.gov.mg\/index.php?rest_route=%2Fwp%2Fv2%2Fmedia&parent=965"}],"curies":[{"name":"wp","href":"https:\/\/api.w.org\/{rel}","templated":true}]}}