{"id":697,"date":"2020-01-30T15:54:28","date_gmt":"2020-01-30T12:54:28","guid":{"rendered":"http:\/\/cidst.recherches.gov.mg\/v2\/?page_id=697"},"modified":"2022-10-18T10:34:40","modified_gmt":"2022-10-18T07:34:40","slug":"domaines-de-competence","status":"publish","type":"page","link":"http:\/\/cidst.recherches.gov.mg\/?page_id=697","title":{"rendered":"Domaines de comp\u00e9tence"},"content":{"rendered":"<div class=\"champ contenu_chapo\">\n<div class=\"chapo\" dir=\"ltr\">\n<p><span style=\"color: black;\"><strong>Orientation vers les sources documentaires et d\u2019information,<\/strong><\/span><\/p>\n<p>Conseil en organisation de syst\u00e8me d\u2019information (\u00e9tude de mise en place, r\u00e9organisation, am\u00e9lioration, informatisation),<\/p>\n<\/div>\n<\/div>\n<div class=\"champ contenu_texte\">\n<div class=\"texte\" dir=\"ltr\">\n<p>Fourniture de documents primaires,<\/p>\n<p>Edition &#8211; impression,<\/p>\n<p>Formation en sciences de l\u2019information (biblioth\u00e9conomie, techniques documentaires, gestion de l\u2019information, recherche d\u2019information, informatique documentaire),<\/p>\n<p>Informatisation et\/ou r\u00e9organisation de systemes documetaires,<\/p>\n<p>Formation en informatique,<\/p>\n<p>Formation en secr\u00e9tariat-bureautique et en organisation administrative,<\/p>\n<p><strong>Participation Foires, S\u00e9minaires &#8230;<\/strong><\/p>\n<p><u>Le public cible<\/u>\u00a0:<br class=\"autobr\" \/>La mission principale du CIDST est de satisfaire les besoins en information des d\u00e9cideurs, des chercheurs, des op\u00e9rateurs \u00e9conomiques, des enseignants et des acteurs du d\u00e9veloppement en g\u00e9n\u00e9ral.<\/p>\n<p><u>Les outils d\u2019Information<\/u>\u00a0:<br class=\"autobr\" \/><i> <strong>La base de donn\u00e9es bibliographiques MIREMBY du CIDST<\/strong> <\/i> est une base agr\u00e9ment\u00e9e en coop\u00e9ration. Elle essaie de faire la synthese du patrimoine documentaire dans le domaine de l\u2019information et de la documentation scientifique et technique a Madagascar.<\/p>\n<p>Elle fait actuellement \u00e9tat de 59 000 documents d\u00e9tenus par les organismes<br class=\"autobr\" \/>suivants\u00a0:<\/p>\n<ul class=\"spip\">\n<li>CIDST (17%),<\/li>\n<li>FOFIFA\/CENRADERU, CNARP, CNRE, CNRIT\u00a0;<\/li>\n<li>Acad\u00e9mie nationale des Arts, des Lettres et des Sciences\u00a0; Parc Botanique et Zoologique de Tsimbazaza\u00a0;<\/li>\n<li>Institut Pasteur de Madagascar\u00a0;<\/li>\n<li>IRD, CIRAD, BDPA (France et Madagascar)\u00a0;<\/li>\n<li>WWF\u00a0;<\/li>\n<li>Biblioth\u00e8que Nationale\u00a0;<\/li>\n<li>Minist\u00e8re charg\u00e9 de l\u2019Agriculture (Direction des Ressources halieutiques\u00a0;<\/li>\n<li>Programme Engrais Malagasy, EASTA et autres services\u00a0;<\/li>\n<li>Minist\u00e8re charg\u00e9 de l\u2019Industrie, de l\u2019Energie et des Mines\u00a0;<\/li>\n<li>Minist\u00e8re charg\u00e9 du Commerce\u00a0;<\/li>\n<li>ANGAP\u00a0;<\/li>\n<li>Laboratoire National de Recherches en T\u00e9l\u00e9communications\u00a0;<\/li>\n<li>PNUD, ONUDI, UNICEF, FNUAP, PAM, FAO\u00a0;<\/li>\n<li>Projet COEFOR (Foresterie-Environnement)\u00a0;<\/li>\n<li>Projet SEATS (Planning Familial &#8211; USAID)\u00a0;<\/li>\n<li>R\u00e9seau IBISCUS (Minist\u00e8re Fran\u00e7ais de la Coop\u00e9ration).<\/li>\n<\/ul>\n<p><i> <strong>La banque de donn\u00e9es sur l\u2019Administration publique Malagasy<\/strong> <\/i>.<\/p>\n<p><i> <strong>La banque de donn\u00e9es sur les chercheurs des Centres Nationaux de Recherches \u00e0 Madagascar<\/strong> <\/i>.<\/p>\n<p><i> <strong>La banque de donn\u00e9es commerciales<\/strong> <\/i>\u00a0: information sur 230 produits agricoles.<\/p>\n<p><span style=\"color: black;\">Des disques compacts CD-ROM peuvent \u00e9galement \u00eatre exploit\u00e9s en mode local pour acc\u00e9der \u00e0 des bases de donn\u00e9es agricoles (SESAME, CAB, TROPAG et RURAL, AGRICOLA et AGRIS) et \u00e0 des bases de donn\u00e9es sur les brevets.<\/span><\/p>\n<\/div>\n<\/div>\n","protected":false},"excerpt":{"rendered":"<p>Orientation vers les sources documentaires et d\u2019information, Conseil en organisation de syst\u00e8me d\u2019information (\u00e9tude de&#8230;<\/p>\n","protected":false},"author":1,"featured_media":0,"parent":0,"menu_order":0,"comment_status":"closed","ping_status":"closed","template":"","meta":[],"_links":{"self":[{"href":"http:\/\/cidst.recherches.gov.mg\/index.php?rest_route=\/wp\/v2\/pages\/697"}],"collection":[{"href":"http:\/\/cidst.recherches.gov.mg\/index.php?rest_route=\/wp\/v2\/pages"}],"about":[{"href":"http:\/\/cidst.recherches.gov.mg\/index.php?rest_route=\/wp\/v2\/types\/page"}],"author":[{"embeddable":true,"href":"http:\/\/cidst.recherches.gov.mg\/index.php?rest_route=\/wp\/v2\/users\/1"}],"replies":[{"embeddable":true,"href":"http:\/\/cidst.recherches.gov.mg\/index.php?rest_route=%2Fwp%2Fv2%2Fcomments&post=697"}],"version-history":[{"count":2,"href":"http:\/\/cidst.recherches.gov.mg\/index.php?rest_route=\/wp\/v2\/pages\/697\/revisions"}],"predecessor-version":[{"id":1004,"href":"http:\/\/cidst.recherches.gov.mg\/index.php?rest_route=\/wp\/v2\/pages\/697\/revisions\/1004"}],"wp:attachment":[{"href":"http:\/\/cidst.recherches.gov.mg\/index.php?rest_route=%2Fwp%2Fv2%2Fmedia&parent=697"}],"curies":[{"name":"wp","href":"https:\/\/api.w.org\/{rel}","templated":true}]}}