{"id":695,"date":"2020-01-30T15:53:58","date_gmt":"2020-01-30T12:53:58","guid":{"rendered":"http:\/\/cidst.recherches.gov.mg\/v2\/?page_id=695"},"modified":"2025-01-08T10:49:59","modified_gmt":"2025-01-08T07:49:59","slug":"sciences-biologiques-2","status":"publish","type":"page","link":"http:\/\/cidst.recherches.gov.mg\/?page_id=695","title":{"rendered":"S\u00e9rie Sciences Biologiques ( ISSN 1025 \u2013 3467 )"},"content":{"rendered":"\r\n<p><strong>Revue Recherches pour le d\u00e9veloppement (RPD)<\/strong><\/p>\r\n\r\n\r\n\r\n\r\n\r\n\r\n\r\n<table class=\"spip\">\r\n<thead>\r\n<tr class=\"row_first\">\r\n<th id=\"idc0bc_c0\">Num\u00e9ro<\/th>\r\n<th id=\"idc0bc_c1\">Ann\u00e9e<\/th>\r\n<th id=\"idc0bc_c4\">Sommaire<\/th>\r\n<th id=\"idc0bc_c5\">Texte int\u00e9gral<\/th>\r\n<\/tr>\r\n<\/thead>\r\n<tbody>\r\n<tr class=\"row_odd odd\">\r\n<td headers=\"idc0bc_c0\">01<\/td>\r\n<td class=\"numeric \" headers=\"idc0bc_c1\">1985<\/td>\r\n<td headers=\"idc0bc_c4\">&#8211;<\/td>\r\n<td headers=\"idc0bc_c5\"><span style=\"color: #0000ff;\"><strong><a style=\"color: #0000ff;\" href=\"http:\/\/cidst.recherches.gov.mg\/IMG\/doc\/sb_1.doc\">Texte int\u00e9gral<\/a><\/strong><\/span><\/td>\r\n<\/tr>\r\n<tr class=\"row_even even\">\r\n<td headers=\"idc0bc_c0\">02<\/td>\r\n<td class=\"numeric \" headers=\"idc0bc_c1\">1985<\/td>\r\n<td headers=\"idc0bc_c4\">&#8211;<\/td>\r\n<td headers=\"idc0bc_c5\"><strong><span style=\"color: #0000ff;\"><a style=\"color: #0000ff;\" href=\"http:\/\/cidst.recherches.gov.mg\/IMG\/doc\/sb_2.doc\">Texte int\u00e9gral<\/a><\/span><\/strong><\/td>\r\n<\/tr>\r\n<tr class=\"row_odd odd\">\r\n<td headers=\"idc0bc_c0\">03<\/td>\r\n<td class=\"numeric \" headers=\"idc0bc_c1\">1986<\/td>\r\n<td headers=\"idc0bc_c4\">&#8211;<\/td>\r\n<td headers=\"idc0bc_c5\"><strong><span style=\"color: #0000ff;\"><a style=\"color: #0000ff;\" href=\"http:\/\/cidst.recherches.gov.mg\/IMG\/doc\/sb_3.doc\">Texte int\u00e9gral<\/a><\/span><\/strong><\/td>\r\n<\/tr>\r\n<tr class=\"row_even even\">\r\n<td headers=\"idc0bc_c0\">04<\/td>\r\n<td class=\"numeric \" headers=\"idc0bc_c1\">1986<\/td>\r\n<td headers=\"idc0bc_c4\">&#8211;<\/td>\r\n<td headers=\"idc0bc_c5\"><strong><span style=\"color: #0000ff;\"><a style=\"color: #0000ff;\" href=\"http:\/\/cidst.recherches.gov.mg\/IMG\/doc\/sb_4.doc\">Texte int\u00e9gral<\/a><\/span><\/strong><\/td>\r\n<\/tr>\r\n<tr class=\"row_odd odd\">\r\n<td headers=\"idc0bc_c0\">05<\/td>\r\n<td class=\"numeric \" headers=\"idc0bc_c1\">1987<\/td>\r\n<td headers=\"idc0bc_c4\">&#8211;<\/td>\r\n<td headers=\"idc0bc_c5\"><strong><span style=\"color: #0000ff;\"><a style=\"color: #0000ff;\" href=\"http:\/\/cidst.recherches.gov.mg\/IMG\/doc\/sb_5.doc\">Texte int\u00e9gral<\/a><\/span><\/strong><\/td>\r\n<\/tr>\r\n<tr class=\"row_even even\">\r\n<td headers=\"idc0bc_c0\">06 &#8211; 07<\/td>\r\n<td class=\"numeric \" headers=\"idc0bc_c1\">1988<\/td>\r\n<td headers=\"idc0bc_c4\">&#8211;<\/td>\r\n<td headers=\"idc0bc_c5\"><span style=\"color: #0000ff;\"><strong><a style=\"color: #0000ff;\" href=\"http:\/\/cidst.recherches.gov.mg\/IMG\/doc\/sb_6.doc\">Texte int\u00e9gral<\/a><\/strong><\/span><\/td>\r\n<\/tr>\r\n<tr class=\"row_odd odd\">\r\n<td headers=\"idc0bc_c0\">08 &#8211; 09<\/td>\r\n<td class=\"numeric \" headers=\"idc0bc_c1\">1991<\/td>\r\n<td headers=\"idc0bc_c4\">&#8211;<\/td>\r\n<td headers=\"idc0bc_c5\"><strong><span style=\"color: #0000ff;\"><a style=\"color: #0000ff;\" href=\"http:\/\/cidst.recherches.gov.mg\/IMG\/doc\/sb_8_9.doc\">Texte int\u00e9gral<\/a><\/span><\/strong><\/td>\r\n<\/tr>\r\n<tr class=\"row_even even\">\r\n<td headers=\"idc0bc_c0\">10<\/td>\r\n<td class=\"numeric \" headers=\"idc0bc_c1\">1992<\/td>\r\n<td headers=\"idc0bc_c4\">&#8211;<\/td>\r\n<td headers=\"idc0bc_c5\"><strong><span style=\"color: #0000ff;\"><a style=\"color: #0000ff;\" href=\"http:\/\/cidst.recherches.gov.mg\/IMG\/doc\/sb_10.doc\">Texte int\u00e9gral<\/a><\/span><\/strong><\/td>\r\n<\/tr>\r\n<tr class=\"row_odd odd\">\r\n<td headers=\"idc0bc_c0\">Sp\u00e9cial<\/td>\r\n<td class=\"numeric \" headers=\"idc0bc_c1\">1994<\/td>\r\n<td headers=\"idc0bc_c4\">&#8211;<\/td>\r\n<td headers=\"idc0bc_c5\"><strong><span style=\"color: #0000ff;\"><a style=\"color: #0000ff;\" href=\"http:\/\/cidst.recherches.gov.mg\/IMG\/doc\/sb_special.doc\">Texte int\u00e9gral<\/a><\/span><\/strong><\/td>\r\n<\/tr>\r\n<tr class=\"row_even even\">\r\n<td headers=\"idc0bc_c0\">11<\/td>\r\n<td class=\"numeric \" headers=\"idc0bc_c1\">1997<\/td>\r\n<td headers=\"idc0bc_c4\">&#8211;<\/td>\r\n<td headers=\"idc0bc_c5\"><strong><span style=\"color: #0000ff;\"><a style=\"color: #0000ff;\" href=\"http:\/\/cidst.recherches.gov.mg\/IMG\/doc\/sb_11.doc\">Texte int\u00e9gral<\/a><\/span><\/strong><\/td>\r\n<\/tr>\r\n<tr class=\"row_odd odd\">\r\n<td headers=\"idc0bc_c0\">12<\/td>\r\n<td class=\"numeric \" headers=\"idc0bc_c1\">1997<\/td>\r\n<td headers=\"idc0bc_c4\">&#8211;<\/td>\r\n<td headers=\"idc0bc_c5\"><strong><span style=\"color: #0000ff;\"><a style=\"color: #0000ff;\" href=\"http:\/\/cidst.recherches.gov.mg\/IMG\/doc\/sb_12.doc\">Texte int\u00e9gral<\/a><\/span><\/strong><\/td>\r\n<\/tr>\r\n<tr class=\"row_even even\">\r\n<td headers=\"idc0bc_c0\">13<\/td>\r\n<td class=\"numeric \" headers=\"idc0bc_c1\">1998<\/td>\r\n<td headers=\"idc0bc_c4\">&#8211;<\/td>\r\n<td headers=\"idc0bc_c5\"><strong><span style=\"color: #0000ff;\"><a style=\"color: #0000ff;\" href=\"http:\/\/cidst.recherches.gov.mg\/IMG\/doc\/sb_13.doc\">Texte int\u00e9gral<\/a><\/span><\/strong><\/td>\r\n<\/tr>\r\n<tr class=\"row_odd odd\">\r\n<td headers=\"idc0bc_c0\">14<\/td>\r\n<td class=\"numeric \" headers=\"idc0bc_c1\">1998<\/td>\r\n<td headers=\"idc0bc_c4\">&#8211;<\/td>\r\n<td headers=\"idc0bc_c5\"><strong><span style=\"color: #0000ff;\"><a style=\"color: #0000ff;\" href=\"http:\/\/cidst.recherches.gov.mg\/IMG\/doc\/sb_14.doc\">Texte int\u00e9gral<\/a><\/span><\/strong><\/td>\r\n<\/tr>\r\n<tr class=\"row_even even\">\r\n<td headers=\"idc0bc_c0\">15<\/td>\r\n<td class=\"numeric \" headers=\"idc0bc_c1\">1999<\/td>\r\n<td headers=\"idc0bc_c4\">&#8211;<\/td>\r\n<td headers=\"idc0bc_c5\"><strong><span style=\"color: #0000ff;\"><a style=\"color: #0000ff;\" href=\"http:\/\/cidst.recherches.gov.mg\/IMG\/doc\/sb_15.doc\">Texte int\u00e9gral<\/a><\/span><\/strong><\/td>\r\n<\/tr>\r\n<tr class=\"row_odd odd\">\r\n<td headers=\"idc0bc_c0\">16<\/td>\r\n<td class=\"numeric \" headers=\"idc0bc_c1\">2000<\/td>\r\n<td headers=\"idc0bc_c4\">&#8211;<\/td>\r\n<td headers=\"idc0bc_c5\"><strong><span style=\"color: #0000ff;\"><a style=\"color: #0000ff;\" href=\"http:\/\/cidst.recherches.gov.mg\/IMG\/doc\/sb_16.doc\">Texte int\u00e9gral<\/a><\/span><\/strong><\/td>\r\n<\/tr>\r\n<tr class=\"row_even even\">\r\n<td headers=\"idc0bc_c0\">17<\/td>\r\n<td class=\"numeric \" headers=\"idc0bc_c1\">2001<\/td>\r\n<td headers=\"idc0bc_c4\">&#8211;<\/td>\r\n<td headers=\"idc0bc_c5\"><strong><span style=\"color: #0000ff;\"><a style=\"color: #0000ff;\" href=\"http:\/\/cidst.recherches.gov.mg\/IMG\/doc\/sb_17.doc\">Texte int\u00e9gral<\/a><\/span><\/strong><\/td>\r\n<\/tr>\r\n<tr class=\"row_odd odd\">\r\n<td headers=\"idc0bc_c0\">18<\/td>\r\n<td class=\"numeric \" headers=\"idc0bc_c1\">2001<\/td>\r\n<td headers=\"idc0bc_c4\">&#8211;<\/td>\r\n<td headers=\"idc0bc_c5\"><strong><span style=\"color: #0000ff;\"><a style=\"color: #0000ff;\" href=\"http:\/\/cidst.recherches.gov.mg\/IMG\/doc\/sb_18.doc\">Texte int\u00e9gral<\/a><\/span><\/strong><\/td>\r\n<\/tr>\r\n<tr class=\"row_even even\">\r\n<td headers=\"idc0bc_c0\">19<\/td>\r\n<td class=\"numeric \" headers=\"idc0bc_c1\">2003<\/td>\r\n<td headers=\"idc0bc_c4\">&#8211;<\/td>\r\n<td headers=\"idc0bc_c5\"><strong><span style=\"color: #0000ff;\"><a style=\"color: #0000ff;\" href=\"http:\/\/cidst.recherches.gov.mg\/IMG\/doc\/sb_19.doc\">Texte int\u00e9gral<\/a><\/span><\/strong><\/td>\r\n<\/tr>\r\n<tr class=\"row_odd odd\">\r\n<td headers=\"idc0bc_c0\">20<\/td>\r\n<td class=\"numeric \" headers=\"idc0bc_c1\">2003<\/td>\r\n<td headers=\"idc0bc_c4\">&#8211;<\/td>\r\n<td headers=\"idc0bc_c5\"><strong><span style=\"color: #0000ff;\"><a style=\"color: #0000ff;\" href=\"http:\/\/cidst.recherches.gov.mg\/IMG\/doc\/sb_20.doc\">Texte int\u00e9gral<\/a><\/span><\/strong><\/td>\r\n<\/tr>\r\n<tr class=\"row_even even\">\r\n<td headers=\"idc0bc_c0\">24<\/td>\r\n<td class=\"numeric \" headers=\"idc0bc_c1\">2007<\/td>\r\n<td headers=\"idc0bc_c4\">&#8211;<\/td>\r\n<td headers=\"idc0bc_c5\"><strong><span style=\"color: #0000ff;\"><a style=\"color: #0000ff;\" href=\"http:\/\/cidst.recherches.gov.mg\/IMG\/doc\/sb_24.doc\">Texte int\u00e9gral<\/a><\/span><\/strong><\/td>\r\n<\/tr>\r\n<tr class=\"row_odd odd\">\r\n<td headers=\"idc0bc_c0\">25<\/td>\r\n<td class=\"numeric \" headers=\"idc0bc_c1\">2007<\/td>\r\n<td headers=\"idc0bc_c4\">&#8211;<\/td>\r\n<td headers=\"idc0bc_c5\"><span style=\"color: #0000ff;\"><strong><a style=\"color: #0000ff;\" href=\"http:\/\/cidst.recherches.gov.mg\/IMG\/doc\/sb_25.doc\">Texte int\u00e9gral<\/a><\/strong><\/span><\/td>\r\n<\/tr>\r\n<tr class=\"row_even even\">\r\n<td headers=\"idc0bc_c0\">26<\/td>\r\n<td class=\"numeric \" headers=\"idc0bc_c1\">2019<\/td>\r\n<td headers=\"idc0bc_c4\">&#8211;<\/td>\r\n<td headers=\"idc0bc_c5\"><strong><span style=\"color: #0000ff;\"><a style=\"color: #0000ff;\" href=\"http:\/\/cidst.recherches.gov.mg\/IMG\/doc\/SB_26_TI.pdf#B#\">Texte int\u00e9gral<\/a><\/span><\/strong><\/td>\r\n<\/tr>\r\n<tr class=\"row_even even\">\r\n<td headers=\"idc0bc_c0\">27<\/td>\r\n<td class=\"numeric \" headers=\"idc0bc_c1\">2020<\/td>\r\n<td headers=\"idc0bc_c4\"><strong><span style=\"color: #0000ff;\"><a style=\"color: #0000ff;\" href=\"http:\/\/cidst.recherches.gov.mg\/IMG\/doc\/SB_27_Sommaire.pdf#B#\">Sommaire<\/a><\/span><\/strong><\/td>\r\n<td headers=\"idc0bc_c5\">&#8211;<\/td>\r\n<\/tr>\r\n<tr class=\"row_even even\">\r\n<td headers=\"idc0bc_c0\">28<\/td>\r\n<td class=\"numeric \" headers=\"idc0bc_c1\">2020<\/td>\r\n<td headers=\"idc0bc_c4\"><strong><span style=\"color: #0000ff;\"><a style=\"color: #0000ff;\" href=\"http:\/\/cidst.recherches.gov.mg\/IMG\/doc\/SB_28_Sommaire.pdf#B#\">Sommaire<\/a><\/span><\/strong><\/td>\r\n<td headers=\"idc0bc_c5\">&#8211;<\/td>\r\n<\/tr>\r\n<tr class=\"row_even even\">\r\n<td headers=\"idc0bc_c0\">29<\/td>\r\n<td class=\"numeric \" headers=\"idc0bc_c1\">2021<\/td>\r\n<td headers=\"idc0bc_c4\"><strong><span style=\"color: #0000ff;\"><a style=\"color: #0000ff;\" href=\"http:\/\/cidst.recherches.gov.mg\/IMG\/doc\/SB_29_Sommaire.pdf#B#\">Sommaire<\/a><\/span><\/strong><\/td>\r\n<td headers=\"idc0bc_c5\">&#8211;<\/td>\r\n<\/tr>\r\n<tr class=\"row_even even\">\r\n<td headers=\"idc0bc_c0\">30<\/td>\r\n<td class=\"numeric \" headers=\"idc0bc_c1\">2021<\/td>\r\n<td headers=\"idc0bc_c4\"><strong><span style=\"color: #0000ff;\"><a style=\"color: #0000ff;\" href=\"http:\/\/cidst.recherches.gov.mg\/IMG\/doc\/SB_30_Sommaire.pdf#B#\">Sommaire<\/a><\/span><\/strong><\/td>\r\n<td headers=\"idc0bc_c5\">&#8211;<\/td>\r\n<\/tr>\r\n<tr class=\"row_even even\">\r\n<td headers=\"idc0bc_c0\">31<\/td>\r\n<td class=\"numeric \" headers=\"idc0bc_c1\">2022<\/td>\r\n<td headers=\"idc0bc_c4\"><strong><span style=\"color: #0000ff;\"><a style=\"color: #0000ff;\" href=\"http:\/\/cidst.recherches.gov.mg\/IMG\/doc\/SB_31_Sommaire.pdf#B#\">Sommaire<\/a><\/span><\/strong><\/td>\r\n<td headers=\"idc0bc_c5\">&#8211;<\/td>\r\n<\/tr>\r\n<tr class=\"row_even even\">\r\n<td headers=\"idc0bc_c0\">32<\/td>\r\n<td class=\"numeric \" headers=\"idc0bc_c1\">2023<\/td>\r\n<td headers=\"idc0bc_c4\"><strong><span style=\"color: #0000ff;\"><a style=\"color: #0000ff;\" href=\"http:\/\/cidst.recherches.gov.mg\/IMG\/doc\/SB_32_Sommaire.pdf#B#\">Sommaire<\/a><\/span><\/strong><\/td>\r\n<td headers=\"idc0bc_c5\">&#8211;<\/td>\r\n<\/tr>\r\n<\/tbody>\r\n<\/table>\r\n\r\nPour information, l\u2019acquisition du format pdf de la r\u00e9vue RPD est de 50.000 Ar.","protected":false},"excerpt":{"rendered":"<p>Revue Recherches pour le d\u00e9veloppement (RPD) Num\u00e9ro Ann\u00e9e Sommaire Texte int\u00e9gral 01 1985 &#8211; Texte&#8230;<\/p>\n","protected":false},"author":1,"featured_media":0,"parent":0,"menu_order":0,"comment_status":"closed","ping_status":"closed","template":"","meta":[],"_links":{"self":[{"href":"http:\/\/cidst.recherches.gov.mg\/index.php?rest_route=\/wp\/v2\/pages\/695"}],"collection":[{"href":"http:\/\/cidst.recherches.gov.mg\/index.php?rest_route=\/wp\/v2\/pages"}],"about":[{"href":"http:\/\/cidst.recherches.gov.mg\/index.php?rest_route=\/wp\/v2\/types\/page"}],"author":[{"embeddable":true,"href":"http:\/\/cidst.recherches.gov.mg\/index.php?rest_route=\/wp\/v2\/users\/1"}],"replies":[{"embeddable":true,"href":"http:\/\/cidst.recherches.gov.mg\/index.php?rest_route=%2Fwp%2Fv2%2Fcomments&post=695"}],"version-history":[{"count":22,"href":"http:\/\/cidst.recherches.gov.mg\/index.php?rest_route=\/wp\/v2\/pages\/695\/revisions"}],"predecessor-version":[{"id":2232,"href":"http:\/\/cidst.recherches.gov.mg\/index.php?rest_route=\/wp\/v2\/pages\/695\/revisions\/2232"}],"wp:attachment":[{"href":"http:\/\/cidst.recherches.gov.mg\/index.php?rest_route=%2Fwp%2Fv2%2Fmedia&parent=695"}],"curies":[{"name":"wp","href":"https:\/\/api.w.org\/{rel}","templated":true}]}}