{"id":577,"date":"2020-01-24T15:01:17","date_gmt":"2020-01-24T12:01:17","guid":{"rendered":"http:\/\/cidst.recherches.gov.mg\/v2\/?page_id=577"},"modified":"2024-09-04T10:52:28","modified_gmt":"2024-09-04T07:52:28","slug":"mesupres","status":"publish","type":"page","link":"http:\/\/cidst.recherches.gov.mg\/?page_id=577","title":{"rendered":"MESupReS"},"content":{"rendered":"\r\n<figure class=\"wp-block-table is-style-stripes\">\r\n<table class=\"has-fixed-layout\">\r\n<tbody>\r\n<tr>\r\n<td><strong>Cliquez ici pour afficher la liste des \u00e9tablissements publics\u00a0: les Universit\u00e9s, les \u00c9coles Doctorales et les IST \u00e0 Madagascar. <\/strong><br \/><br \/><strong>Dans cette rubrique, vous trouverez aussi les documents n\u00e9cessaires (canevas et lettres) relatifs \u00e0 la collecte des donn\u00e9es statistiques au titre de l\u2019ann\u00e9e universitaire 2019-2020, pour <a href=\"http:\/\/www.mesupres.gov.mg\/?page=etablissement\">les \u00e9tablissements publics et priv\u00e9s.<\/a><\/strong><\/td>\r\n<\/tr>\r\n<tr>\r\n<td>LISTE DES INSTITUTIONS SUP\u00c9RIEURES A MADAGASCAR, DONT LES OFFRES DE FORMATION ONT RE\u00c7U L\u2019HABILITATION DU MINIST\u00c8RE DE L\u2019ENSEIGNEMENT SUP\u00c9RIEUR ET DE LA RECHERCHE SCIENTIFIQUE (MESupReS) (Mise \u00e0 jour\u00a0: mai 2019) <br \/><img decoding=\"async\" loading=\"lazy\" src=\"http:\/\/www.mesupres.gov.mg\/squelettes\/puce.gif\" alt=\"-\" width=\"21\" height=\"6\" \/>\u00a0<a href=\"http:\/\/www.mesupres.edu.mg\/IMG\/pdf\/liste-des-institutions-sup-privees-mai-2019.pdf\">INSTITUTIONS SUP\u00c9RIEURES PRIV\u00c9ES<\/a> <br \/><img decoding=\"async\" loading=\"lazy\" src=\"http:\/\/www.mesupres.gov.mg\/squelettes\/puce.gif\" alt=\"-\" width=\"21\" height=\"6\" \/>\u00a0<a href=\"http:\/\/www.mesupres.edu.mg\/IMG\/pdf\/liste-des-institutions-sup-paramed-mai-2019.pdf\">PARAM\u00c9DICAUX<\/a> <br \/><img decoding=\"async\" loading=\"lazy\" src=\"http:\/\/www.mesupres.gov.mg\/squelettes\/puce.gif\" alt=\"-\" width=\"21\" height=\"6\" \/>\u00a0<a href=\"http:\/\/www.mesupres.edu.mg\/IMG\/pdf\/liste-des-institutions-sup-publiques-mai-2019.pdf\">INSTITUTIONS SUP\u00c9RIEURES PUBLIQUES<\/a> <br \/><img decoding=\"async\" loading=\"lazy\" src=\"http:\/\/www.mesupres.gov.mg\/squelettes\/puce.gif\" alt=\"-\" width=\"21\" height=\"6\" \/>\u00a0<a href=\"http:\/\/www.mesupres.edu.mg\/IMG\/pdf\/liste-des-institutions-sup-ecole-doctorales-mai-2019.pdf\">ECOLES DOCTORALES<\/a><br \/><br \/><a href=\"http:\/\/www.mesupres.edu.mg\/IMG\/pdf\/liste-des-institutions-sup-mai-2019-ensemble.pdf\">Liste des institutions \u00e0 Madagascar dans un seul fichier<\/a><\/td>\r\n<\/tr>\r\n<\/tbody>\r\n<\/table>\r\n<\/figure>\r\n","protected":false},"excerpt":{"rendered":"<p>Cliquez ici pour afficher la liste des \u00e9tablissements publics\u00a0: les Universit\u00e9s, les \u00c9coles Doctorales et&#8230;<\/p>\n","protected":false},"author":1,"featured_media":0,"parent":0,"menu_order":0,"comment_status":"closed","ping_status":"closed","template":"","meta":[],"_links":{"self":[{"href":"http:\/\/cidst.recherches.gov.mg\/index.php?rest_route=\/wp\/v2\/pages\/577"}],"collection":[{"href":"http:\/\/cidst.recherches.gov.mg\/index.php?rest_route=\/wp\/v2\/pages"}],"about":[{"href":"http:\/\/cidst.recherches.gov.mg\/index.php?rest_route=\/wp\/v2\/types\/page"}],"author":[{"embeddable":true,"href":"http:\/\/cidst.recherches.gov.mg\/index.php?rest_route=\/wp\/v2\/users\/1"}],"replies":[{"embeddable":true,"href":"http:\/\/cidst.recherches.gov.mg\/index.php?rest_route=%2Fwp%2Fv2%2Fcomments&post=577"}],"version-history":[{"count":6,"href":"http:\/\/cidst.recherches.gov.mg\/index.php?rest_route=\/wp\/v2\/pages\/577\/revisions"}],"predecessor-version":[{"id":1956,"href":"http:\/\/cidst.recherches.gov.mg\/index.php?rest_route=\/wp\/v2\/pages\/577\/revisions\/1956"}],"wp:attachment":[{"href":"http:\/\/cidst.recherches.gov.mg\/index.php?rest_route=%2Fwp%2Fv2%2Fmedia&parent=577"}],"curies":[{"name":"wp","href":"https:\/\/api.w.org\/{rel}","templated":true}]}}