{"id":503,"date":"2020-01-24T14:34:47","date_gmt":"2020-01-24T11:34:47","guid":{"rendered":"http:\/\/cidst.recherches.gov.mg\/v2\/?page_id=503"},"modified":"2025-03-25T09:17:12","modified_gmt":"2025-03-25T06:17:12","slug":"presentation","status":"publish","type":"page","link":"http:\/\/cidst.recherches.gov.mg\/?page_id=503","title":{"rendered":"Pr\u00e9sentation"},"content":{"rendered":"<div id=\"pl-503\"  class=\"panel-layout\" >\n<div id=\"pg-503-0\"  class=\"panel-grid panel-no-style\" >\n<div id=\"pgc-503-0-0\"  class=\"panel-grid-cell\"  data-weight=\"1\" >\n<div id=\"panel-503-0-0-0\" class=\"so-panel widget widget_sow-editor panel-first-child panel-last-child\" data-index=\"0\" data-style=\"{&quot;background_image_attachment&quot;:false,&quot;background_display&quot;:&quot;tile&quot;,&quot;background_image_size&quot;:&quot;full&quot;,&quot;border_thickness&quot;:&quot;1px&quot;}\" >\n<div\n\t\t\t\n\t\t\tclass=\"so-widget-sow-editor so-widget-sow-editor-base\"\n\t\t\t\n\t\t><\/p>\n<div class=\"siteorigin-widget-tinymce textwidget\">\n<p>Le <strong>C<\/strong>entre d&rsquo;<strong>I<\/strong>nformation et de <strong>D<\/strong>ocumentation <strong>S<\/strong>cientifique et <strong>T<\/strong>echnique Etablissement Public a caractere Industriel et Commercial (EPIC), cr\u00e9\u00e9 par d\u00e9cret <strong>n\u00b0 87-145 du 5 Mai 198<\/strong>7, modifi\u00e9 par d\u00e9cret<strong> n\u00b0 92-661 du 8 juillet 1992<\/strong>, le<strong> CIDST<\/strong> est plac\u00e9 sous la double tutelle du Minist\u00e8re de l\u2019Education Nationale et de la Recherche Scientifique et du Minist\u00e8re des Finances et du Budget.<\/p>\n<p>Le <strong>CIDST<\/strong> a pour missions de :<\/p>\n<ul>\n<li>Contribuer a l\u2019\u00e9laboration et la mise en ouvre de la politique nationale de recherche sur l\u2019information, la communication et la diffusion des connaissances ;<\/li>\n<li>Appuyer les acteurs du d\u00e9veloppement par une meilleure circulation de l\u2019information en g\u00e9n\u00e9ral et la diffusion de l\u2019information scientifique et technique relative aux r\u00e9sultats de la recherche nationale et internationale ;<\/li>\n<li>Assurer une expertise scientifique en mati\u00e8re d\u2019authentification et de s\u00e9curisation de l\u2019information ;<\/li>\n<li>Assurer des cycles de formation pour une meilleure gestion de l\u2019information et pour le renforcement de capacit\u00e9 des professionnels.<\/li>\n<\/ul>\n<\/div>\n<\/div>\n<\/div>\n<\/div>\n<\/div>\n<\/div>\n","protected":false},"excerpt":{"rendered":"<p>Le Centre d&rsquo;Information et de Documentation Scientifique et Technique Etablissement Public a caractere Industriel et&#8230;<\/p>\n","protected":false},"author":1,"featured_media":0,"parent":0,"menu_order":0,"comment_status":"closed","ping_status":"closed","template":"","meta":[],"_links":{"self":[{"href":"http:\/\/cidst.recherches.gov.mg\/index.php?rest_route=\/wp\/v2\/pages\/503"}],"collection":[{"href":"http:\/\/cidst.recherches.gov.mg\/index.php?rest_route=\/wp\/v2\/pages"}],"about":[{"href":"http:\/\/cidst.recherches.gov.mg\/index.php?rest_route=\/wp\/v2\/types\/page"}],"author":[{"embeddable":true,"href":"http:\/\/cidst.recherches.gov.mg\/index.php?rest_route=\/wp\/v2\/users\/1"}],"replies":[{"embeddable":true,"href":"http:\/\/cidst.recherches.gov.mg\/index.php?rest_route=%2Fwp%2Fv2%2Fcomments&post=503"}],"version-history":[{"count":5,"href":"http:\/\/cidst.recherches.gov.mg\/index.php?rest_route=\/wp\/v2\/pages\/503\/revisions"}],"predecessor-version":[{"id":2601,"href":"http:\/\/cidst.recherches.gov.mg\/index.php?rest_route=\/wp\/v2\/pages\/503\/revisions\/2601"}],"wp:attachment":[{"href":"http:\/\/cidst.recherches.gov.mg\/index.php?rest_route=%2Fwp%2Fv2%2Fmedia&parent=503"}],"curies":[{"name":"wp","href":"https:\/\/api.w.org\/{rel}","templated":true}]}}